{"id":956,"date":"2021-10-21T19:50:42","date_gmt":"2021-10-21T19:50:42","guid":{"rendered":"https:\/\/finaisolana.agit.si\/product\/bonaca-herbal-tea\/"},"modified":"2024-02-01T18:28:48","modified_gmt":"2024-02-01T18:28:48","slug":"bonaca-zeliscni-caj","status":"publish","type":"product","link":"https:\/\/www.finaisolana.si\/en\/product\/bonaca-zeliscni-caj\/","title":{"rendered":"Bonaca herbal tea"},"content":{"rendered":"<p>Bonaca Herbal Tea boasts a distinct fruity blend and a rich, fresh aroma, providing a true culinary indulgence for your taste buds. Lavender and rosemary are key players in this wonderful blend, rounding out the flavor and offering a truly indulgent experience.<\/p>\n<p>The gentleness of lavender and the freshness of rosemary come together in a harmonious whole, enchanting with their unique combination of floral and <a href=\"https:\/\/finaisolana.si\/en\/herbs\/\">herbal tones<\/a>. Bonaca Herbal Tea is an excellent choice for a relaxing cup of <strong>tea<\/strong> that will transport you to a world of luxurious flavors and aromas. You can enjoy it at any time of the day, as it offers not only a refreshing taste but also a soothing effect.<\/p>\n<p>Close your eyes, inhale the aroma, and indulge yourself with every sip of this distinctly fruity herbal tea, which will undoubtedly bring an enjoyable experience and moments of true pleasure.<\/p>\n","protected":false},"excerpt":{"rendered":"<p>This herbal tea, boasting a distinct fruity blend and a rich, fresh aroma, represents a true culinary indulgence for your taste buds. Lavender and rosemary are key players in this wonderful blend, rounding out the flavor and offering a truly indulgent experience.<\/p>\n<p><strong>Ingredients<\/strong>: Hibiscus flower, Olive leaf, Autumn heather, Rosemary, Thyme, Lavender flower.<br \/>\n<strong>Net:<\/strong> 55g<\/p>\n","protected":false},"featured_media":1215,"template":"","meta":[],"product_brand":[],"product_cat":[83],"product_tag":[],"class_list":{"0":"post-956","1":"product","2":"type-product","3":"status-publish","4":"has-post-thumbnail","6":"product_cat-tea","8":"first","9":"outofstock","10":"taxable","11":"shipping-taxable","12":"purchasable","13":"product-type-simple"},"yoast_head":"<!-- This site is optimized with the Yoast SEO plugin v27.4 - https:\/\/yoast.com\/product\/yoast-seo-wordpress\/ -->\n<title>Bonaca herbal tea - FinaIsolana.si<\/title>\n<meta name=\"description\" content=\"Bonaca Herbal Tea boasts a distinct fruity blend and a rich, fresh aroma, providing a true culinary indulgence for your taste buds.\" \/>\n<meta name=\"robots\" content=\"index, follow, max-snippet:-1, max-image-preview:large, max-video-preview:-1\" \/>\n<link rel=\"canonical\" href=\"https:\/\/www.finaisolana.si\/izdelek\/bonaca-zeliscni-caj\/\" \/>\n<meta property=\"og:locale\" content=\"en_US\" \/>\n<meta property=\"og:type\" content=\"article\" \/>\n<meta property=\"og:title\" content=\"Bonaca herbal tea - FinaIsolana.si\" \/>\n<meta property=\"og:description\" content=\"Bonaca Herbal Tea boasts a distinct fruity blend and a rich, fresh aroma, providing a true culinary indulgence for your taste buds.\" \/>\n<meta property=\"og:url\" content=\"https:\/\/www.finaisolana.si\/izdelek\/bonaca-zeliscni-caj\/\" \/>\n<meta property=\"og:site_name\" content=\"FinaIsolana.si\" \/>\n<meta property=\"article:publisher\" content=\"https:\/\/www.facebook.com\/finaisolana\" \/>\n<meta property=\"article:modified_time\" content=\"2024-02-01T18:28:48+00:00\" \/>\n<meta property=\"og:image\" content=\"https:\/\/www.finaisolana.si\/wp-content\/uploads\/2021\/10\/finaisolana-bonaca-caj.png\" \/>\n\t<meta property=\"og:image:width\" content=\"937\" \/>\n\t<meta property=\"og:image:height\" content=\"937\" \/>\n\t<meta property=\"og:image:type\" content=\"image\/png\" \/>\n<meta name=\"twitter:card\" content=\"summary_large_image\" \/>\n<meta name=\"twitter:label1\" content=\"Est. reading time\" \/>\n\t<meta name=\"twitter:data1\" content=\"1 minute\" \/>\n<script type=\"application\/ld+json\" class=\"yoast-schema-graph\">{\"@context\":\"https:\\\/\\\/schema.org\",\"@graph\":[{\"@type\":[\"WebPage\",\"ItemPage\"],\"@id\":\"https:\\\/\\\/www.finaisolana.si\\\/izdelek\\\/bonaca-zeliscni-caj\\\/\",\"url\":\"https:\\\/\\\/www.finaisolana.si\\\/izdelek\\\/bonaca-zeliscni-caj\\\/\",\"name\":\"Bonaca herbal tea - FinaIsolana.si\",\"isPartOf\":{\"@id\":\"https:\\\/\\\/www.finaisolana.si\\\/#website\"},\"primaryImageOfPage\":{\"@id\":\"https:\\\/\\\/www.finaisolana.si\\\/izdelek\\\/bonaca-zeliscni-caj\\\/#primaryimage\"},\"image\":{\"@id\":\"https:\\\/\\\/www.finaisolana.si\\\/izdelek\\\/bonaca-zeliscni-caj\\\/#primaryimage\"},\"thumbnailUrl\":\"https:\\\/\\\/www.finaisolana.si\\\/wp-content\\\/uploads\\\/2021\\\/10\\\/finaisolana-bonaca-caj.png\",\"datePublished\":\"2021-10-21T19:50:42+00:00\",\"dateModified\":\"2024-02-01T18:28:48+00:00\",\"description\":\"Bonaca Herbal Tea boasts a distinct fruity blend and a rich, fresh aroma, providing a true culinary indulgence for your taste buds.\",\"breadcrumb\":{\"@id\":\"https:\\\/\\\/www.finaisolana.si\\\/izdelek\\\/bonaca-zeliscni-caj\\\/#breadcrumb\"},\"inLanguage\":\"en-US\",\"potentialAction\":[{\"@type\":\"ReadAction\",\"target\":[\"https:\\\/\\\/www.finaisolana.si\\\/izdelek\\\/bonaca-zeliscni-caj\\\/\"]}]},{\"@type\":\"ImageObject\",\"inLanguage\":\"en-US\",\"@id\":\"https:\\\/\\\/www.finaisolana.si\\\/izdelek\\\/bonaca-zeliscni-caj\\\/#primaryimage\",\"url\":\"https:\\\/\\\/www.finaisolana.si\\\/wp-content\\\/uploads\\\/2021\\\/10\\\/finaisolana-bonaca-caj.png\",\"contentUrl\":\"https:\\\/\\\/www.finaisolana.si\\\/wp-content\\\/uploads\\\/2021\\\/10\\\/finaisolana-bonaca-caj.png\",\"width\":937,\"height\":937,\"caption\":\"Bonaca zeli\u0161\u010dni \u010daj\"},{\"@type\":\"BreadcrumbList\",\"@id\":\"https:\\\/\\\/www.finaisolana.si\\\/izdelek\\\/bonaca-zeliscni-caj\\\/#breadcrumb\",\"itemListElement\":[{\"@type\":\"ListItem\",\"position\":1,\"name\":\"Home\",\"item\":\"https:\\\/\\\/www.finaisolana.si\\\/en\\\/\"},{\"@type\":\"ListItem\",\"position\":2,\"name\":\"Shop\",\"item\":\"https:\\\/\\\/www.finaisolana.si\\\/trgovina\\\/\"},{\"@type\":\"ListItem\",\"position\":3,\"name\":\"Bonaca herbal tea\"}]},{\"@type\":\"WebSite\",\"@id\":\"https:\\\/\\\/www.finaisolana.si\\\/#website\",\"url\":\"https:\\\/\\\/www.finaisolana.si\\\/\",\"name\":\"Fina Isolana\",\"description\":\"Preprosta kuhinja, ki zdru\u017euje\",\"publisher\":{\"@id\":\"https:\\\/\\\/www.finaisolana.si\\\/#organization\"},\"alternateName\":\"Fina Isolana\",\"potentialAction\":[{\"@type\":\"SearchAction\",\"target\":{\"@type\":\"EntryPoint\",\"urlTemplate\":\"https:\\\/\\\/www.finaisolana.si\\\/?s={search_term_string}\"},\"query-input\":{\"@type\":\"PropertyValueSpecification\",\"valueRequired\":true,\"valueName\":\"search_term_string\"}}],\"inLanguage\":\"en-US\"},{\"@type\":\"Organization\",\"@id\":\"https:\\\/\\\/www.finaisolana.si\\\/#organization\",\"name\":\"S.OLIA d.o.o.\",\"url\":\"https:\\\/\\\/www.finaisolana.si\\\/\",\"logo\":{\"@type\":\"ImageObject\",\"inLanguage\":\"en-US\",\"@id\":\"https:\\\/\\\/www.finaisolana.si\\\/#\\\/schema\\\/logo\\\/image\\\/\",\"url\":\"https:\\\/\\\/finaisolana.si\\\/wp-content\\\/uploads\\\/2021\\\/11\\\/finaisolana-logo-good.png\",\"contentUrl\":\"https:\\\/\\\/finaisolana.si\\\/wp-content\\\/uploads\\\/2021\\\/11\\\/finaisolana-logo-good.png\",\"width\":627,\"height\":248,\"caption\":\"S.OLIA d.o.o.\"},\"image\":{\"@id\":\"https:\\\/\\\/www.finaisolana.si\\\/#\\\/schema\\\/logo\\\/image\\\/\"},\"sameAs\":[\"https:\\\/\\\/www.facebook.com\\\/finaisolana\"]}]}<\/script>\n<!-- \/ Yoast SEO plugin. -->","yoast_head_json":{"title":"Bonaca herbal tea - FinaIsolana.si","description":"Bonaca Herbal Tea boasts a distinct fruity blend and a rich, fresh aroma, providing a true culinary indulgence for your taste buds.","robots":{"index":"index","follow":"follow","max-snippet":"max-snippet:-1","max-image-preview":"max-image-preview:large","max-video-preview":"max-video-preview:-1"},"canonical":"https:\/\/www.finaisolana.si\/izdelek\/bonaca-zeliscni-caj\/","og_locale":"en_US","og_type":"article","og_title":"Bonaca herbal tea - FinaIsolana.si","og_description":"Bonaca Herbal Tea boasts a distinct fruity blend and a rich, fresh aroma, providing a true culinary indulgence for your taste buds.","og_url":"https:\/\/www.finaisolana.si\/izdelek\/bonaca-zeliscni-caj\/","og_site_name":"FinaIsolana.si","article_publisher":"https:\/\/www.facebook.com\/finaisolana","article_modified_time":"2024-02-01T18:28:48+00:00","og_image":[{"width":937,"height":937,"url":"https:\/\/www.finaisolana.si\/wp-content\/uploads\/2021\/10\/finaisolana-bonaca-caj.png","type":"image\/png"}],"twitter_card":"summary_large_image","twitter_misc":{"Est. reading time":"1 minute"},"schema":{"@context":"https:\/\/schema.org","@graph":[{"@type":["WebPage","ItemPage"],"@id":"https:\/\/www.finaisolana.si\/izdelek\/bonaca-zeliscni-caj\/","url":"https:\/\/www.finaisolana.si\/izdelek\/bonaca-zeliscni-caj\/","name":"Bonaca herbal tea - FinaIsolana.si","isPartOf":{"@id":"https:\/\/www.finaisolana.si\/#website"},"primaryImageOfPage":{"@id":"https:\/\/www.finaisolana.si\/izdelek\/bonaca-zeliscni-caj\/#primaryimage"},"image":{"@id":"https:\/\/www.finaisolana.si\/izdelek\/bonaca-zeliscni-caj\/#primaryimage"},"thumbnailUrl":"https:\/\/www.finaisolana.si\/wp-content\/uploads\/2021\/10\/finaisolana-bonaca-caj.png","datePublished":"2021-10-21T19:50:42+00:00","dateModified":"2024-02-01T18:28:48+00:00","description":"Bonaca Herbal Tea boasts a distinct fruity blend and a rich, fresh aroma, providing a true culinary indulgence for your taste buds.","breadcrumb":{"@id":"https:\/\/www.finaisolana.si\/izdelek\/bonaca-zeliscni-caj\/#breadcrumb"},"inLanguage":"en-US","potentialAction":[{"@type":"ReadAction","target":["https:\/\/www.finaisolana.si\/izdelek\/bonaca-zeliscni-caj\/"]}]},{"@type":"ImageObject","inLanguage":"en-US","@id":"https:\/\/www.finaisolana.si\/izdelek\/bonaca-zeliscni-caj\/#primaryimage","url":"https:\/\/www.finaisolana.si\/wp-content\/uploads\/2021\/10\/finaisolana-bonaca-caj.png","contentUrl":"https:\/\/www.finaisolana.si\/wp-content\/uploads\/2021\/10\/finaisolana-bonaca-caj.png","width":937,"height":937,"caption":"Bonaca zeli\u0161\u010dni \u010daj"},{"@type":"BreadcrumbList","@id":"https:\/\/www.finaisolana.si\/izdelek\/bonaca-zeliscni-caj\/#breadcrumb","itemListElement":[{"@type":"ListItem","position":1,"name":"Home","item":"https:\/\/www.finaisolana.si\/en\/"},{"@type":"ListItem","position":2,"name":"Shop","item":"https:\/\/www.finaisolana.si\/trgovina\/"},{"@type":"ListItem","position":3,"name":"Bonaca herbal tea"}]},{"@type":"WebSite","@id":"https:\/\/www.finaisolana.si\/#website","url":"https:\/\/www.finaisolana.si\/","name":"Fina Isolana","description":"Preprosta kuhinja, ki zdru\u017euje","publisher":{"@id":"https:\/\/www.finaisolana.si\/#organization"},"alternateName":"Fina Isolana","potentialAction":[{"@type":"SearchAction","target":{"@type":"EntryPoint","urlTemplate":"https:\/\/www.finaisolana.si\/?s={search_term_string}"},"query-input":{"@type":"PropertyValueSpecification","valueRequired":true,"valueName":"search_term_string"}}],"inLanguage":"en-US"},{"@type":"Organization","@id":"https:\/\/www.finaisolana.si\/#organization","name":"S.OLIA d.o.o.","url":"https:\/\/www.finaisolana.si\/","logo":{"@type":"ImageObject","inLanguage":"en-US","@id":"https:\/\/www.finaisolana.si\/#\/schema\/logo\/image\/","url":"https:\/\/finaisolana.si\/wp-content\/uploads\/2021\/11\/finaisolana-logo-good.png","contentUrl":"https:\/\/finaisolana.si\/wp-content\/uploads\/2021\/11\/finaisolana-logo-good.png","width":627,"height":248,"caption":"S.OLIA d.o.o."},"image":{"@id":"https:\/\/www.finaisolana.si\/#\/schema\/logo\/image\/"},"sameAs":["https:\/\/www.facebook.com\/finaisolana"]}]}},"_links":{"self":[{"href":"https:\/\/www.finaisolana.si\/en\/wp-json\/wp\/v2\/product\/956","targetHints":{"allow":["GET"]}}],"collection":[{"href":"https:\/\/www.finaisolana.si\/en\/wp-json\/wp\/v2\/product"}],"about":[{"href":"https:\/\/www.finaisolana.si\/en\/wp-json\/wp\/v2\/types\/product"}],"wp:featuredmedia":[{"embeddable":true,"href":"https:\/\/www.finaisolana.si\/en\/wp-json\/wp\/v2\/media\/1215"}],"wp:attachment":[{"href":"https:\/\/www.finaisolana.si\/en\/wp-json\/wp\/v2\/media?parent=956"}],"wp:term":[{"taxonomy":"product_brand","embeddable":true,"href":"https:\/\/www.finaisolana.si\/en\/wp-json\/wp\/v2\/product_brand?post=956"},{"taxonomy":"product_cat","embeddable":true,"href":"https:\/\/www.finaisolana.si\/en\/wp-json\/wp\/v2\/product_cat?post=956"},{"taxonomy":"product_tag","embeddable":true,"href":"https:\/\/www.finaisolana.si\/en\/wp-json\/wp\/v2\/product_tag?post=956"}],"curies":[{"name":"wp","href":"https:\/\/api.w.org\/{rel}","templated":true}]}}